{"id":1009,"date":"2020-05-18T09:46:13","date_gmt":"2020-05-18T12:46:13","guid":{"rendered":"https:\/\/electroeg.com.ar\/?post_type=product&#038;p=1009"},"modified":"2020-05-18T09:46:13","modified_gmt":"2020-05-18T12:46:13","slug":"inversor-fv-on-grid-sma-sunny-tripower-trifasico-50000w","status":"publish","type":"product","link":"https:\/\/electroeg.com.ar\/?product=inversor-fv-on-grid-sma-sunny-tripower-trifasico-50000w","title":{"rendered":"Inversor FV On Grid SMA Sunny Tripower Trifasico 50000W"},"content":{"rendered":"<div class=\"wrapper\">\n<div class=\"container-fluid\">\n<div id=\"c342590\" class=\"csc-frame csc-frame-default csc-default csc-text-only csc-space-before-50\">\n<p class=\"align-center\">El Sunny Tripower CORE1 es el primer inversor de string de montaje independiente del mundo para plantas descentralizadas sobre tejados y en superficies sin edificar, as\u00ed como sobre aparcamientos cubiertos. El nuevo y revolucionario dise\u00f1o posibilita una instalaci\u00f3n hasta un 60 % m\u00e1s r\u00e1pida y adem\u00e1s reduce el coste total de propiedad (costes operativos).<\/p>\n<\/div>\n<\/div>\n<\/div>\n<div id=\"c342588\" data-t3x-fce=\"Carousel\">\n<div class=\"has-swiper with-thumbs  \">\n<div class=\"gallery-top-wrapper row\"><\/div>\n<\/div>\n<\/div>\n","protected":false},"excerpt":{"rendered":"<p>Inversor FV On Grid<\/p>\n<p>SMA Sunny<\/p>\n<p>Tripower Trifasico<\/p>\n<p>50000W 6 MPPT<\/p>\n","protected":false},"featured_media":1010,"template":"","meta":[],"_links":{"self":[{"href":"https:\/\/electroeg.com.ar\/index.php?rest_route=\/wp\/v2\/product\/1009"}],"collection":[{"href":"https:\/\/electroeg.com.ar\/index.php?rest_route=\/wp\/v2\/product"}],"about":[{"href":"https:\/\/electroeg.com.ar\/index.php?rest_route=\/wp\/v2\/types\/product"}],"version-history":[{"count":1,"href":"https:\/\/electroeg.com.ar\/index.php?rest_route=\/wp\/v2\/product\/1009\/revisions"}],"predecessor-version":[{"id":1011,"href":"https:\/\/electroeg.com.ar\/index.php?rest_route=\/wp\/v2\/product\/1009\/revisions\/1011"}],"wp:featuredmedia":[{"embeddable":true,"href":"https:\/\/electroeg.com.ar\/index.php?rest_route=\/wp\/v2\/media\/1010"}],"wp:attachment":[{"href":"https:\/\/electroeg.com.ar\/index.php?rest_route=%2Fwp%2Fv2%2Fmedia&parent=1009"}],"curies":[{"name":"wp","href":"https:\/\/api.w.org\/{rel}","templated":true}]}}