{"id":1059,"date":"2020-05-24T00:26:26","date_gmt":"2020-05-24T03:26:26","guid":{"rendered":"https:\/\/electroeg.com.ar\/?post_type=product&#038;p=1059"},"modified":"2020-05-24T00:26:26","modified_gmt":"2020-05-24T03:26:26","slug":"set-de-comunicacion-outdoor-para-la-instalacion-en-exteriores","status":"publish","type":"product","link":"https:\/\/electroeg.com.ar\/?product=set-de-comunicacion-outdoor-para-la-instalacion-en-exteriores","title":{"rendered":"Set de comunicaci\u00f3n outdoor para la instalaci\u00f3n en exteriores"},"content":{"rendered":"","protected":false},"excerpt":{"rendered":"<p>Set de comunicaci\u00f3n outdoor para la instalaci\u00f3n en exterioresel. Incluye:<br \/>\n\u00bb gateway<br \/>\n\u00bb Cloud Connect Advanced<br \/>\n\u00bb Carcasa outdoor<br \/>\n\u00bb barras Din para el suministro de<br \/>\ncorriente y material de montaje<\/p>\n","protected":false},"featured_media":1046,"template":"","meta":[],"_links":{"self":[{"href":"https:\/\/electroeg.com.ar\/index.php?rest_route=\/wp\/v2\/product\/1059"}],"collection":[{"href":"https:\/\/electroeg.com.ar\/index.php?rest_route=\/wp\/v2\/product"}],"about":[{"href":"https:\/\/electroeg.com.ar\/index.php?rest_route=\/wp\/v2\/types\/product"}],"version-history":[{"count":1,"href":"https:\/\/electroeg.com.ar\/index.php?rest_route=\/wp\/v2\/product\/1059\/revisions"}],"predecessor-version":[{"id":1060,"href":"https:\/\/electroeg.com.ar\/index.php?rest_route=\/wp\/v2\/product\/1059\/revisions\/1060"}],"wp:featuredmedia":[{"embeddable":true,"href":"https:\/\/electroeg.com.ar\/index.php?rest_route=\/wp\/v2\/media\/1046"}],"wp:attachment":[{"href":"https:\/\/electroeg.com.ar\/index.php?rest_route=%2Fwp%2Fv2%2Fmedia&parent=1059"}],"curies":[{"name":"wp","href":"https:\/\/api.w.org\/{rel}","templated":true}]}}