{"id":991,"date":"2020-05-17T19:18:10","date_gmt":"2020-05-17T22:18:10","guid":{"rendered":"https:\/\/electroeg.com.ar\/?post_type=product&#038;p=991"},"modified":"2020-05-17T19:18:11","modified_gmt":"2020-05-17T22:18:11","slug":"inversor-fv-on-grid-sma-sunny-boy-trifasico-6000w-2-mppt","status":"publish","type":"product","link":"https:\/\/electroeg.com.ar\/?product=inversor-fv-on-grid-sma-sunny-boy-trifasico-6000w-2-mppt","title":{"rendered":"Inversor FV On Grid SMA  Sunny Boy  Trifasico 6000W 2 MPPT"},"content":{"rendered":"<p class=\"bodytext\">Con apenas 17 kilogramos, este Sunny Tripower trif\u00e1sico se instala de forma r\u00e1pida y ocupa poco espacio. El Sunny Tripower se pone en funcionamiento r\u00e1pidamente con un smartphone o tablet a trav\u00e9s de la interfaz de usuario integrada.<\/p>\n<ul>\n<li>Posibilidad de montaje con una \u00fanica persona gracias al reducido peso de 17 kg<\/li>\n<li>Una necesidad de espacio m\u00ednima gracias al dise\u00f1o compacto<\/li>\n<li>Instalaci\u00f3n 100 % plug &amp; play<\/li>\n<\/ul>\n","protected":false},"excerpt":{"rendered":"<p>Inversor FV On Grid SMA<\/p>\n<p>Sunny Boy<\/p>\n<p>Trifasico<\/p>\n<p>6000W 2 MPPT<\/p>\n","protected":false},"featured_media":985,"template":"","meta":[],"_links":{"self":[{"href":"https:\/\/electroeg.com.ar\/index.php?rest_route=\/wp\/v2\/product\/991"}],"collection":[{"href":"https:\/\/electroeg.com.ar\/index.php?rest_route=\/wp\/v2\/product"}],"about":[{"href":"https:\/\/electroeg.com.ar\/index.php?rest_route=\/wp\/v2\/types\/product"}],"version-history":[{"count":2,"href":"https:\/\/electroeg.com.ar\/index.php?rest_route=\/wp\/v2\/product\/991\/revisions"}],"predecessor-version":[{"id":994,"href":"https:\/\/electroeg.com.ar\/index.php?rest_route=\/wp\/v2\/product\/991\/revisions\/994"}],"wp:featuredmedia":[{"embeddable":true,"href":"https:\/\/electroeg.com.ar\/index.php?rest_route=\/wp\/v2\/media\/985"}],"wp:attachment":[{"href":"https:\/\/electroeg.com.ar\/index.php?rest_route=%2Fwp%2Fv2%2Fmedia&parent=991"}],"curies":[{"name":"wp","href":"https:\/\/api.w.org\/{rel}","templated":true}]}}